{"id":262,"date":"2026-03-14T09:48:58","date_gmt":"2026-03-14T09:48:58","guid":{"rendered":"http:\/\/promiored.local\/?page_id=262"},"modified":"2026-04-03T09:03:01","modified_gmt":"2026-04-03T09:03:01","slug":"who-we-are","status":"publish","type":"page","link":"https:\/\/promio.es\/en\/who-we-are\/","title":{"rendered":"Who we are"},"content":{"rendered":"\t\t<div data-elementor-type=\"wp-page\" data-elementor-id=\"262\" class=\"elementor elementor-262 elementor-106\" data-elementor-post-type=\"page\">\n\t\t\t\t<div class=\"elementor-element elementor-element-dbb7a08 e-flex e-con-boxed e-con e-parent\" data-id=\"dbb7a08\" data-element_type=\"container\" data-e-type=\"container\">\n\t\t\t\t\t<div class=\"e-con-inner\">\n\t\t\t\t<div class=\"elementor-element elementor-element-b77f912 elementor-widget elementor-widget-rw-about-intro\" data-id=\"b77f912\" data-element_type=\"widget\" data-e-type=\"widget\" data-widget_type=\"rw-about-intro.default\">\n\t\t\t\t<div class=\"elementor-widget-container\">\n\t\t\t\t\t\t\t<section class=\"about-page about-page__intro\" id=\"quienes-somos\">\n\t\t\t<div class=\"about-page__container\">\n\t\t\t\t<div class=\"about-page__intro-inner reveal reveal--up\">\n\t\t\t\t\t<span class=\"about-page__eyebrow\">THE ASSOCIATION<\/span>\n\t\t\t\t\t<h1 class=\"about-page__title\">The network of independent cinemas in Spain<\/h1>\n\t\t\t\t\t<div class=\"about-page__divider\" aria-hidden=\"true\"><\/div>\n\t\t\t\t\t<p class=\"about-page__lead\">PROMIO is the Association of Independent Exhibitors of Spain, a network that brings together movie theaters with a clear cultural and social vocation. It was born with the objective of giving voice and structure to those who understand cinema not only as entertainment, but also as a collective, diverse and accessible experience.<\/p>\n\t\t\t\t<\/div>\n\t\t\t<\/div>\n\t\t<\/section>\n\t\t\t\t\t\t<\/div>\n\t\t\t\t<\/div>\n\t\t\t\t<div class=\"elementor-element elementor-element-602bc20 elementor-widget elementor-widget-rw-about-history\" data-id=\"602bc20\" data-element_type=\"widget\" data-e-type=\"widget\" data-widget_type=\"rw-about-history.default\">\n\t\t\t\t<div class=\"elementor-widget-container\">\n\t\t\t\t\t\t\t<section class=\"about-page about-page__history\" id=\"historia\">\n\t\t\t<div class=\"about-page__container\">\n\t\t\t\t<div class=\"about-page__history-grid\">\n\n\t\t\t\t\t<div class=\"about-page__history-image-wrap reveal reveal--up\">\n\t\t\t\t\t\t<div class=\"about-page__corner about-page__corner--tl\" aria-hidden=\"true\"><\/div>\n\t\t\t\t\t\t\t\t\t\t\t\t\t<img\n\t\t\t\t\t\t\t\tclass=\"about-page__history-image\"\n\t\t\t\t\t\t\t\tsrc=\"https:\/\/promio.es\/wp-content\/uploads\/2026\/03\/dark-vip-cinema-studio-still-life-scaled.jpg\"\n\t\t\t\t\t\t\t\talt=\"History of Promio\"\n\t\t\t\t\t\t\t\tloading=\"lazy\"\n\t\t\t\t\t\t\t\/>\n\t\t\t\t\t\t\t\t\t\t\t\t<div class=\"about-page__corner about-page__corner--br\" aria-hidden=\"true\"><\/div>\n\t\t\t\t\t<\/div>\n\n\t\t\t\t\t<div class=\"about-page__history-content reveal reveal--up\" style=\"transition-delay:200ms\">\n\t\t\t\t\t\t<span class=\"about-page__eyebrow\"><\/span>\n\t\t\t\t\t\t<h2 class=\"about-page__subtitle\"><\/h2>\n\t\t\t\t\t\t<div class=\"about-page__body\">\n\t\t\t\t\t\t\t<p>PROMIO's trajectory is marked by the collaborative work of theaters throughout the country that share the same vision: to strengthen independent film exhibition, promote the diversity of views and facilitate access to cinema to broad and heterogeneous audiences. We defend an exhibition model rooted in the territory, connected to its social context and committed to audience development.<\/p><p>PROMIO acts as an interlocutor of the sector before public administrations, cultural agents and the audiovisual industry, defending the interests of the associated cinemas with rigor and transparency. We work to improve exhibition conditions, strengthen the economic sustainability of theaters and accompany their adaptation to the current challenges of the sector.<\/p><p>Within this framework, PROMIO maintains active links with international reference networks such as CICAE (Conf\u00e9d\u00e9ration Internationale des Cin\u00e9mas d'Art et d'Essai) and Europa Cinemas, participating in spaces for exchange, reflection and cooperation at European and international level. This connection makes it possible to transfer best practices, strengthen the presence of Spanish independent cinema in the international arena and align the work of the association with the standards and debates of the sector at the global level.<\/p><p>PROMIO also promotes the transfer of knowledge among exhibitors and fosters transversality, establishing links with festivals, distributors, educational centers and other cultural agents, with the aim of broadening the social impact of independent cinema and reinforcing its role as a cultural space of reference.<\/p>\t\t\t\t\t\t<\/div>\n\t\t\t\t\t<\/div>\n\n\t\t\t\t<\/div>\n\t\t\t<\/div>\n\t\t<\/section>\n\t\t\t\t\t\t<\/div>\n\t\t\t\t<\/div>\n\t\t\t\t<div class=\"elementor-element elementor-element-d5416eb elementor-widget elementor-widget-rw-about-values\" data-id=\"d5416eb\" data-element_type=\"widget\" data-e-type=\"widget\" data-widget_type=\"rw-about-values.default\">\n\t\t\t\t<div class=\"elementor-widget-container\">\n\t\t\t\t\t\t\t<section class=\"about-page about-page__values\" id=\"valores\">\n\t\t\t<div class=\"about-page__container\">\n\t\t\t\t<h2 class=\"about-page__values-title reveal reveal--up\">Purpose and values<\/h2>\n\t\t\t\t\t\t\t\t<div class=\"about-page__values-grid\">\n\t\t\t\t\t\t\t\t\t\t<div class=\"about-page__value-card reveal reveal--up elementor-repeater-item-36801b4\" style=\"transition-delay:0ms\">\n\t\t\t\t\t\t<div class=\"about-page__value-icon\" aria-hidden=\"true\">\n\t\t\t\t\t\t\t<svg width=\"32\" height=\"32\" viewBox=\"0 0 24 24\" fill=\"none\" stroke=\"currentColor\" xmlns=\"http:\/\/www.w3.org\/2000\/svg\">\n\t\t\t\t\t\t\t\t<path d=\"M4.318 6.318a4.5 4.5 0 000 6.364L12 20.364l7.682-7.682a4.5 4.5 0 00-6.364-6.364L12 7.636l-1.318-1.318a4.5 4.5 0 00-6.364 0z\" stroke-linecap=\"round\" stroke-linejoin=\"round\" stroke-width=\"1\"\/>\t\t\t\t\t\t\t<\/svg>\n\t\t\t\t\t\t<\/div>\n\t\t\t\t\t\t<h3 class=\"about-page__value-title\">Cultural and territorial diversity, reflecting the plurality of independent theaters.<\/h3>\n\t\t\t\t\t\t<p class=\"about-page__value-text\"><\/p>\n\t\t\t\t\t<\/div>\n\t\t\t\t\t\t\t\t\t\t<div class=\"about-page__value-card reveal reveal--up elementor-repeater-item-bfff08c\" style=\"transition-delay:80ms\">\n\t\t\t\t\t\t<div class=\"about-page__value-icon\" aria-hidden=\"true\">\n\t\t\t\t\t\t\t<svg width=\"32\" height=\"32\" viewBox=\"0 0 24 24\" fill=\"none\" stroke=\"currentColor\" xmlns=\"http:\/\/www.w3.org\/2000\/svg\">\n\t\t\t\t\t\t\t\t<path d=\"M17 20h5v-2a3 3 0 00-5.356-1.857M17 20H7m10 0v-2c0-.656-.126-1.283-.356-1.857M7 20H2v-2a3 3 0 015.356-1.857M7 20v-2c0-.656.126-1.283.356-1.857m0 0a5.002 5.002 0 019.288 0M15 7a3 3 0 11-6 0 3 3 0 016 0zm6 3a2 2 0 11-4 0 2 2 0 014 0zM7 10a2 2 0 11-4 0 2 2 0 014 0z\" stroke-linecap=\"round\" stroke-linejoin=\"round\" stroke-width=\"1\"\/>\t\t\t\t\t\t\t<\/svg>\n\t\t\t\t\t\t<\/div>\n\t\t\t\t\t\t<h3 class=\"about-page__value-title\">Accessibility, understood as the commitment to eliminate barriers and facilitate access to the cinema for all people.<\/h3>\n\t\t\t\t\t\t<p class=\"about-page__value-text\"><\/p>\n\t\t\t\t\t<\/div>\n\t\t\t\t\t\t\t\t\t\t<div class=\"about-page__value-card reveal reveal--up elementor-repeater-item-b098c1b\" style=\"transition-delay:160ms\">\n\t\t\t\t\t\t<div class=\"about-page__value-icon\" aria-hidden=\"true\">\n\t\t\t\t\t\t\t<svg width=\"32\" height=\"32\" viewBox=\"0 0 24 24\" fill=\"none\" stroke=\"currentColor\" xmlns=\"http:\/\/www.w3.org\/2000\/svg\">\n\t\t\t\t\t\t\t\t<path d=\"M21 12a9 9 0 01-9 9m9-9a9 9 0 00-9-9m9 9H3m9 9a9 9 0 01-9-9m9 9c1.657 0 3-4.03 3-9s-1.343-9-3-9m0 18c-1.657 0-3-4.03-3-9s1.343-9 3-9m-9 9a9 9 0 019-9\" stroke-linecap=\"round\" stroke-linejoin=\"round\" stroke-width=\"1\"\/>\t\t\t\t\t\t\t<\/svg>\n\t\t\t\t\t\t<\/div>\n\t\t\t\t\t\t<h3 class=\"about-page__value-title\">Engagement with audiences, fostering meaningful and lasting cinematic experiences.<\/h3>\n\t\t\t\t\t\t<p class=\"about-page__value-text\"><\/p>\n\t\t\t\t\t<\/div>\n\t\t\t\t\t\t\t\t\t\t<div class=\"about-page__value-card reveal reveal--up elementor-repeater-item-1361dfb\" style=\"transition-delay:240ms\">\n\t\t\t\t\t\t<div class=\"about-page__value-icon\" aria-hidden=\"true\">\n\t\t\t\t\t\t\t<svg width=\"32\" height=\"32\" viewBox=\"0 0 24 24\" fill=\"none\" stroke=\"currentColor\" xmlns=\"http:\/\/www.w3.org\/2000\/svg\">\n\t\t\t\t\t\t\t\t<path d=\"M9 12l2 2 4-4m5.618-4.016A11.955 11.955 0 0112 2.944a11.955 11.955 0 01-8.618 3.04A12.02 12.02 0 003 9c0 5.591 3.824 10.29 9 11.622 5.176-1.332 9-6.03 9-11.622 0-1.042-.133-2.052-.382-3.016z\" stroke-linecap=\"round\" stroke-linejoin=\"round\" stroke-width=\"1\"\/>\t\t\t\t\t\t\t<\/svg>\n\t\t\t\t\t\t<\/div>\n\t\t\t\t\t\t<h3 class=\"about-page__value-title\">The economic sustainability of the halls as a basis for their continuity and development.<\/h3>\n\t\t\t\t\t\t<p class=\"about-page__value-text\"><\/p>\n\t\t\t\t\t<\/div>\n\t\t\t\t\t\t\t\t\t\t<div class=\"about-page__value-card reveal reveal--up elementor-repeater-item-b5a882c\" style=\"transition-delay:320ms\">\n\t\t\t\t\t\t<div class=\"about-page__value-icon\" aria-hidden=\"true\">\n\t\t\t\t\t\t\t<svg width=\"32\" height=\"32\" viewBox=\"0 0 24 24\" fill=\"none\" stroke=\"currentColor\" xmlns=\"http:\/\/www.w3.org\/2000\/svg\">\n\t\t\t\t\t\t\t\t<path d=\"M12 6.253v13m0-13C10.832 5.477 9.246 5 7.5 5S4.168 5.477 3 6.253v13C4.168 18.477 5.754 18 7.5 18s3.332.477 4.5 1.253m0-13C13.168 5.477 14.754 5 16.5 5c1.747 0 3.332.477 4.5 1.253v13C19.832 18.477 18.247 18 16.5 18c-1.746 0-3.332.477-4.5 1.253\" stroke-linecap=\"round\" stroke-linejoin=\"round\" stroke-width=\"1\"\/>\t\t\t\t\t\t\t<\/svg>\n\t\t\t\t\t\t<\/div>\n\t\t\t\t\t\t<h3 class=\"about-page__value-title\">Knowledge transfer, through the exchange of experiences, training and best practices.<\/h3>\n\t\t\t\t\t\t<p class=\"about-page__value-text\"><\/p>\n\t\t\t\t\t<\/div>\n\t\t\t\t\t\t\t\t\t\t<div class=\"about-page__value-card reveal reveal--up elementor-repeater-item-e952b49\" style=\"transition-delay:400ms\">\n\t\t\t\t\t\t<div class=\"about-page__value-icon\" aria-hidden=\"true\">\n\t\t\t\t\t\t\t<svg width=\"32\" height=\"32\" viewBox=\"0 0 24 24\" fill=\"none\" stroke=\"currentColor\" xmlns=\"http:\/\/www.w3.org\/2000\/svg\">\n\t\t\t\t\t\t\t\t<path d=\"M13 10V3L4 14h7v7l9-11h-7z\" stroke-linecap=\"round\" stroke-linejoin=\"round\" stroke-width=\"1\"\/>\t\t\t\t\t\t\t<\/svg>\n\t\t\t\t\t\t<\/div>\n\t\t\t\t\t\t<h3 class=\"about-page__value-title\">The transversality, promoting the connection between film exhibition and other cultural, educational and social areas.<\/h3>\n\t\t\t\t\t\t<p class=\"about-page__value-text\"><\/p>\n\t\t\t\t\t<\/div>\n\t\t\t\t\t\t\t\t\t\t<div class=\"about-page__value-card reveal reveal--up elementor-repeater-item-9d1227b\" style=\"transition-delay:480ms\">\n\t\t\t\t\t\t<div class=\"about-page__value-icon\" aria-hidden=\"true\">\n\t\t\t\t\t\t\t<svg width=\"32\" height=\"32\" viewBox=\"0 0 24 24\" fill=\"none\" stroke=\"currentColor\" xmlns=\"http:\/\/www.w3.org\/2000\/svg\">\n\t\t\t\t\t\t\t\t<path d=\"M11.049 2.927c.3-.921 1.603-.921 1.902 0l1.519 4.674a1 1 0 00.95.69h4.915c.969 0 1.371 1.24.588 1.81l-3.976 2.888a1 1 0 00-.363 1.118l1.518 4.674c.3.922-.755 1.688-1.538 1.118l-3.976-2.888a1 1 0 00-1.176 0l-3.976 2.888c-.783.57-1.838-.197-1.538-1.118l1.518-4.674a1 1 0 00-.363-1.118l-3.976-2.888c-.784-.57-.38-1.81.588-1.81h4.914a1 1 0 00.951-.69l1.519-4.674z\" stroke-linecap=\"round\" stroke-linejoin=\"round\" stroke-width=\"1\"\/>\t\t\t\t\t\t\t<\/svg>\n\t\t\t\t\t\t<\/div>\n\t\t\t\t\t\t<h3 class=\"about-page__value-title\">Cooperation and networking, both nationally and internationally, in dialogue with entities such as CICAE and Europa Cinemas.<\/h3>\n\t\t\t\t\t\t<p class=\"about-page__value-text\"><\/p>\n\t\t\t\t\t<\/div>\n\t\t\t\t\t\t\t\t\t<\/div>\n\t\t\t<\/div>\n\t\t<\/section>\n\t\t\t\t\t\t<\/div>\n\t\t\t\t<\/div>\n\t\t\t\t<div class=\"elementor-element elementor-element-f440bb5 elementor-widget elementor-widget-rw-objectives-list\" data-id=\"f440bb5\" data-element_type=\"widget\" data-e-type=\"widget\" data-widget_type=\"rw-objectives-list.default\">\n\t\t\t\t<div class=\"elementor-widget-container\">\n\t\t\t\t\t\t\t<section class=\"obj-page obj-page__list-section\" id=\"lista-objetivos\">\n\t\t\t<div class=\"obj-page__container\">\n\t\t\t\t<ol class=\"obj-page__list\" role=\"list\">\n\t\t\t\t\t\t\t\t\t\t<li class=\"obj-page__item reveal reveal--up elementor-repeater-item-57a8e27\" style=\"transition-delay:0ms\">\n\t\t\t\t\t\t<div class=\"obj-page__item-number\" aria-hidden=\"true\">\n\t\t\t\t\t\t\t01\t\t\t\t\t\t<\/div>\n\t\t\t\t\t\t<div class=\"obj-page__item-body\">\n\t\t\t\t\t\t\t<div class=\"obj-page__item-header\">\n\t\t\t\t\t\t\t\t<div class=\"obj-page__item-icon\" aria-hidden=\"true\">\n\t\t\t\t\t\t\t\t\t<svg width=\"28\" height=\"28\" viewBox=\"0 0 24 24\" fill=\"none\" stroke=\"currentColor\" xmlns=\"http:\/\/www.w3.org\/2000\/svg\">\n\t\t\t\t\t\t\t\t\t\t<path d=\"M15 10l4.553-2.276A1 1 0 0121 8.618v6.764a1 1 0 01-1.447.894L15 14M5 18h8a2 2 0 002-2V8a2 2 0 00-2-2H5a2 2 0 00-2 2v8a2 2 0 002 2z\" stroke-linecap=\"round\" stroke-linejoin=\"round\" stroke-width=\"1\"\/>\t\t\t\t\t\t\t\t\t<\/svg>\n\t\t\t\t\t\t\t\t<\/div>\n\t\t\t\t\t\t\t\t<h2 class=\"obj-page__item-title\">To represent and defend the interests of independent cinemas.<\/h2>\n\t\t\t\t\t\t\t<\/div>\n\t\t\t\t\t\t\t<div class=\"obj-page__item-text\">\n\t\t\t\t\t\t\t\t\t\t\t\t\t\t\t<\/div>\n\t\t\t\t\t\t<\/div>\n\t\t\t\t\t<\/li>\n\t\t\t\t\t\t\t\t\t\t<li class=\"obj-page__item reveal reveal--up elementor-repeater-item-06283b3\" style=\"transition-delay:80ms\">\n\t\t\t\t\t\t<div class=\"obj-page__item-number\" aria-hidden=\"true\">\n\t\t\t\t\t\t\t02\t\t\t\t\t\t<\/div>\n\t\t\t\t\t\t<div class=\"obj-page__item-body\">\n\t\t\t\t\t\t\t<div class=\"obj-page__item-header\">\n\t\t\t\t\t\t\t\t<div class=\"obj-page__item-icon\" aria-hidden=\"true\">\n\t\t\t\t\t\t\t\t\t<svg width=\"28\" height=\"28\" viewBox=\"0 0 24 24\" fill=\"none\" stroke=\"currentColor\" xmlns=\"http:\/\/www.w3.org\/2000\/svg\">\n\t\t\t\t\t\t\t\t\t\t<path d=\"M17 20h5v-2a3 3 0 00-5.356-1.857M17 20H7m10 0v-2c0-.656-.126-1.283-.356-1.857M7 20H2v-2a3 3 0 015.356-1.857M7 20v-2c0-.656.126-1.283.356-1.857m0 0a5.002 5.002 0 019.288 0M15 7a3 3 0 11-6 0 3 3 0 016 0zm6 3a2 2 0 11-4 0 2 2 0 014 0zM7 10a2 2 0 11-4 0 2 2 0 014 0z\" stroke-linecap=\"round\" stroke-linejoin=\"round\" stroke-width=\"1\"\/>\t\t\t\t\t\t\t\t\t<\/svg>\n\t\t\t\t\t\t\t\t<\/div>\n\t\t\t\t\t\t\t\t<h2 class=\"obj-page__item-title\">Formation of audiences<\/h2>\n\t\t\t\t\t\t\t<\/div>\n\t\t\t\t\t\t\t<div class=\"obj-page__item-text\">\n\t\t\t\t\t\t\t\t<p>Promote film education programs in schools, film seasons in universities and cultural mediation activities that bring cinema closer to new audiences, especially young people and the elderly.<\/p>\n\t\t\t\t\t\t\t<\/div>\n\t\t\t\t\t\t<\/div>\n\t\t\t\t\t<\/li>\n\t\t\t\t\t\t\t\t\t\t<li class=\"obj-page__item reveal reveal--up elementor-repeater-item-4049bca\" style=\"transition-delay:160ms\">\n\t\t\t\t\t\t<div class=\"obj-page__item-number\" aria-hidden=\"true\">\n\t\t\t\t\t\t\t03\t\t\t\t\t\t<\/div>\n\t\t\t\t\t\t<div class=\"obj-page__item-body\">\n\t\t\t\t\t\t\t<div class=\"obj-page__item-header\">\n\t\t\t\t\t\t\t\t<div class=\"obj-page__item-icon\" aria-hidden=\"true\">\n\t\t\t\t\t\t\t\t\t<svg width=\"28\" height=\"28\" viewBox=\"0 0 24 24\" fill=\"none\" stroke=\"currentColor\" xmlns=\"http:\/\/www.w3.org\/2000\/svg\">\n\t\t\t\t\t\t\t\t\t\t<path d=\"M21 12a9 9 0 01-9 9m9-9a9 9 0 00-9-9m9 9H3m9 9a9 9 0 01-9-9m9 9c1.657 0 3-4.03 3-9s-1.343-9-3-9m0 18c-1.657 0-3-4.03-3-9s1.343-9 3-9m-9 9a9 9 0 019-9\" stroke-linecap=\"round\" stroke-linejoin=\"round\" stroke-width=\"1\"\/>\t\t\t\t\t\t\t\t\t<\/svg>\n\t\t\t\t\t\t\t\t<\/div>\n\t\t\t\t\t\t\t\t<h2 class=\"obj-page__item-title\">International projection<\/h2>\n\t\t\t\t\t\t\t<\/div>\n\t\t\t\t\t\t\t<div class=\"obj-page__item-text\">\n\t\t\t\t\t\t\t\t<p>Strengthen the presence of Spanish independent exhibitors in European forums such as CICAE and Europa Cinemas, facilitating the exchange of best practices and access to co-production and cross-border distribution programs.<\/p>\n\t\t\t\t\t\t\t<\/div>\n\t\t\t\t\t\t<\/div>\n\t\t\t\t\t<\/li>\n\t\t\t\t\t\t\t\t\t\t<li class=\"obj-page__item reveal reveal--up elementor-repeater-item-1172915\" style=\"transition-delay:240ms\">\n\t\t\t\t\t\t<div class=\"obj-page__item-number\" aria-hidden=\"true\">\n\t\t\t\t\t\t\t04\t\t\t\t\t\t<\/div>\n\t\t\t\t\t\t<div class=\"obj-page__item-body\">\n\t\t\t\t\t\t\t<div class=\"obj-page__item-header\">\n\t\t\t\t\t\t\t\t<div class=\"obj-page__item-icon\" aria-hidden=\"true\">\n\t\t\t\t\t\t\t\t\t<svg width=\"28\" height=\"28\" viewBox=\"0 0 24 24\" fill=\"none\" stroke=\"currentColor\" xmlns=\"http:\/\/www.w3.org\/2000\/svg\">\n\t\t\t\t\t\t\t\t\t\t<path d=\"M12 8c-1.657 0-3 .895-3 2s1.343 2 3 2 3 .895 3 2-1.343 2-3 2m0-8c1.11 0 2.08.402 2.599 1M12 8V7m0 1v8m0 0v1m0-1c-1.11 0-2.08-.402-2.599-1M21 12a9 9 0 11-18 0 9 9 0 0118 0z\" stroke-linecap=\"round\" stroke-linejoin=\"round\" stroke-width=\"1\"\/>\t\t\t\t\t\t\t\t\t<\/svg>\n\t\t\t\t\t\t\t\t<\/div>\n\t\t\t\t\t\t\t\t<h2 class=\"obj-page__item-title\">Economic sustainability<\/h2>\n\t\t\t\t\t\t\t<\/div>\n\t\t\t\t\t\t\t<div class=\"obj-page__item-text\">\n\t\t\t\t\t\t\t\t<p>To advise and accompany our associates in the processing of public aid, European funds and programs for the modernization of theatres, guaranteeing the economic viability of independent exhibition in the long term.<\/p>\n\t\t\t\t\t\t\t<\/div>\n\t\t\t\t\t\t<\/div>\n\t\t\t\t\t<\/li>\n\t\t\t\t\t\t\t\t\t\t<li class=\"obj-page__item reveal reveal--up elementor-repeater-item-0d8b298\" style=\"transition-delay:320ms\">\n\t\t\t\t\t\t<div class=\"obj-page__item-number\" aria-hidden=\"true\">\n\t\t\t\t\t\t\t05\t\t\t\t\t\t<\/div>\n\t\t\t\t\t\t<div class=\"obj-page__item-body\">\n\t\t\t\t\t\t\t<div class=\"obj-page__item-header\">\n\t\t\t\t\t\t\t\t<div class=\"obj-page__item-icon\" aria-hidden=\"true\">\n\t\t\t\t\t\t\t\t\t<svg width=\"28\" height=\"28\" viewBox=\"0 0 24 24\" fill=\"none\" stroke=\"currentColor\" xmlns=\"http:\/\/www.w3.org\/2000\/svg\">\n\t\t\t\t\t\t\t\t\t\t<path d=\"M13 10V3L4 14h7v7l9-11h-7z\" stroke-linecap=\"round\" stroke-linejoin=\"round\" stroke-width=\"1\"\/>\t\t\t\t\t\t\t\t\t<\/svg>\n\t\t\t\t\t\t\t\t<\/div>\n\t\t\t\t\t\t\t\t<h2 class=\"obj-page__item-title\">Digital transformation<\/h2>\n\t\t\t\t\t\t\t<\/div>\n\t\t\t\t\t\t\t<div class=\"obj-page__item-text\">\n\t\t\t\t\t\t\t\t<p>Support the adoption of digital management tools, online box office and communication with the public. We promote auditory and visual accessibility through audio-description and captioning technologies.<\/p>\n\t\t\t\t\t\t\t<\/div>\n\t\t\t\t\t\t<\/div>\n\t\t\t\t\t<\/li>\n\t\t\t\t\t\t\t\t\t\t<li class=\"obj-page__item reveal reveal--up elementor-repeater-item-6b1ce4d\" style=\"transition-delay:400ms\">\n\t\t\t\t\t\t<div class=\"obj-page__item-number\" aria-hidden=\"true\">\n\t\t\t\t\t\t\t06\t\t\t\t\t\t<\/div>\n\t\t\t\t\t\t<div class=\"obj-page__item-body\">\n\t\t\t\t\t\t\t<div class=\"obj-page__item-header\">\n\t\t\t\t\t\t\t\t<div class=\"obj-page__item-icon\" aria-hidden=\"true\">\n\t\t\t\t\t\t\t\t\t<svg width=\"28\" height=\"28\" viewBox=\"0 0 24 24\" fill=\"none\" stroke=\"currentColor\" xmlns=\"http:\/\/www.w3.org\/2000\/svg\">\n\t\t\t\t\t\t\t\t\t\t<path d=\"M9 12l2 2 4-4m5.618-4.016A11.955 11.955 0 0112 2.944a11.955 11.955 0 01-8.618 3.04A12.02 12.02 0 003 9c0 5.591 3.824 10.29 9 11.622 5.176-1.332 9-6.03 9-11.622 0-1.042-.133-2.052-.382-3.016z\" stroke-linecap=\"round\" stroke-linejoin=\"round\" stroke-width=\"1\"\/>\t\t\t\t\t\t\t\t\t<\/svg>\n\t\t\t\t\t\t\t\t<\/div>\n\t\t\t\t\t\t\t\t<h2 class=\"obj-page__item-title\">Sectoral defense<\/h2>\n\t\t\t\t\t\t\t<\/div>\n\t\t\t\t\t\t\t<div class=\"obj-page__item-text\">\n\t\t\t\t\t\t\t\t<p>To represent the interests of independent exhibitors before the ICAA, the Ministry of Culture, the autonomous communities and European organizations, actively participating in the development of cultural and audiovisual policies.<\/p>\n\t\t\t\t\t\t\t<\/div>\n\t\t\t\t\t\t<\/div>\n\t\t\t\t\t<\/li>\n\t\t\t\t\t\t\t\t\t<\/ol>\n\t\t\t<\/div>\n\t\t<\/section>\n\t\t\t\t\t\t<\/div>\n\t\t\t\t<\/div>\n\t\t\t\t\t<\/div>\n\t\t\t\t<\/div>\n\t\t\t\t<\/div>\n\t\t","protected":false},"excerpt":{"rendered":"<p>THE ASSOCIATION The network of independent cinemas in Spain PROMIO is the Association of Independent Exhibitors of Spain, a network that brings together movie theaters with a clear cultural and social vocation. It was born with the objective of giving voice and structure to those who understand cinema not only as entertainment, but also as [&hellip;]<\/p>\n","protected":false},"author":1,"featured_media":0,"parent":0,"menu_order":0,"comment_status":"closed","ping_status":"closed","template":"","meta":{"inline_featured_image":false,"footnotes":""},"class_list":["post-262","page","type-page","status-publish","hentry"],"_links":{"self":[{"href":"https:\/\/promio.es\/en\/wp-json\/wp\/v2\/pages\/262","targetHints":{"allow":["GET"]}}],"collection":[{"href":"https:\/\/promio.es\/en\/wp-json\/wp\/v2\/pages"}],"about":[{"href":"https:\/\/promio.es\/en\/wp-json\/wp\/v2\/types\/page"}],"author":[{"embeddable":true,"href":"https:\/\/promio.es\/en\/wp-json\/wp\/v2\/users\/1"}],"replies":[{"embeddable":true,"href":"https:\/\/promio.es\/en\/wp-json\/wp\/v2\/comments?post=262"}],"version-history":[{"count":7,"href":"https:\/\/promio.es\/en\/wp-json\/wp\/v2\/pages\/262\/revisions"}],"predecessor-version":[{"id":402,"href":"https:\/\/promio.es\/en\/wp-json\/wp\/v2\/pages\/262\/revisions\/402"}],"wp:attachment":[{"href":"https:\/\/promio.es\/en\/wp-json\/wp\/v2\/media?parent=262"}],"curies":[{"name":"wp","href":"https:\/\/api.w.org\/{rel}","templated":true}]}}